{"id":282,"date":"2018-05-29T15:33:45","date_gmt":"2018-05-29T18:33:45","guid":{"rendered":"http:\/\/www.spygpa.com.ar\/web\/?page_id=282"},"modified":"2022-09-01T15:41:02","modified_gmt":"2022-09-01T18:41:02","slug":"nuestra-historia","status":"publish","type":"page","link":"https:\/\/www.spygpa.com.ar\/web\/nuestra-historia\/","title":{"rendered":"Nuestra Historia"},"content":{"rendered":"<p><strong>En Avellaneda el 12 de Octubre de 1944, se funda la UNION OBRERA DEL PETROLEO, la cual el 13 de Mayo de 1947 pasa a denominarse UNION PETROLERA ARGENTINA transform\u00e1ndose el 24 de Agosto de 1950 en la FEDERACION ARGENTINA SINDICAL DE PETROLEROS.<\/strong><\/p>\n<p><strong>El Sindicato Petrolero de Avellaneda se constituy\u00f3 el 24 de Agosto de 1950 como Filial de la antes mencionada Federaci\u00f3n, transform\u00e1ndose el 3 de Octubre de 1967 en el SINDICATO DE EMPRESAS PARTICULARES DE PETROLEO Y GAS DE LA PROVINCIA DE BUENOS AIRES ZONA SUD ESTE, por ultimo el d\u00eda 8 de Septiembre de 1988 se resolvi\u00f3 adoptar la denominaci\u00f3n SINDICATO PETROLEO Y GAS PRIVADO DE AVELLANEDA.<\/strong><\/p>\n<p><img loading=\"lazy\" class=\"size-medium wp-image-283 aligncenter\" src=\"http:\/\/www.spygpa.com.ar\/web\/wp-content\/uploads\/2018\/05\/sypgpa_1-225x300.jpg\" alt=\"\" width=\"225\" height=\"300\" srcset=\"https:\/\/www.spygpa.com.ar\/web\/wp-content\/uploads\/2018\/05\/sypgpa_1-225x300.jpg 225w, https:\/\/www.spygpa.com.ar\/web\/wp-content\/uploads\/2018\/05\/sypgpa_1.jpg 250w\" sizes=\"(max-width: 225px) 100vw, 225px\" \/><\/p>\n<table border=\"0\" width=\"100%\" cellspacing=\"3\" cellpadding=\"3\">\n<tbody>\n<tr>\n<td class=\"style1\">\n<div align=\"center\">\n<p><a href=\"http:\/\/www.spygpa.com.ar\/_web_old\/images\/intitucional\/seda_eva_peron.pdf\" target=\"_blank\" rel=\"noopener noreferrer\">Inauguraci\u00f3n Sede &#8211; Eva Peron<\/a><\/p>\n<\/div>\n<\/td>\n<td class=\"style1\">\n<div align=\"center\">\n<p><a href=\"http:\/\/www.spygpa.com.ar\/_web_old\/images\/intitucional\/diario_petroleo.pdf\" target=\"_blank\" rel=\"noopener noreferrer\">Diario Petroleo<\/a><\/p>\n<\/div>\n<\/td>\n<\/tr>\n<tr>\n<td>\n<div align=\"center\"><img loading=\"lazy\" class=\"aligncenter size-full wp-image-2364\" src=\"http:\/\/www.spygpa.com.ar\/web\/wp-content\/uploads\/2022\/08\/sede_eva_peron.jpg\" alt=\"\" width=\"220\" height=\"293\" \/><\/div>\n<\/td>\n<td>\n<div align=\"center\"><img loading=\"lazy\" class=\"aligncenter size-full wp-image-2363\" src=\"http:\/\/www.spygpa.com.ar\/web\/wp-content\/uploads\/2022\/08\/petroleo.jpg\" alt=\"\" width=\"220\" height=\"293\" \/><\/div>\n<\/td>\n<\/tr>\n<\/tbody>\n<\/table>\n<div class=\"mceTemp\"><\/div>\n<div class=\"mceTemp\"><\/div>\n<p><strong>Quien se encuentra encargado de la representaci\u00f3n Sindical de las Refiner\u00edas de Petr\u00f3leo, Dep\u00f3sitos y Plantas de Lubricantes y sus derivados, Empresas fraccionadoras de Gas Licuado, Plantas, Dep\u00f3sitos de Gas envasado y Distribuidores de Gas envasado y personal contratado que ingrese en cualquiera de la empresas adheridas a \u00e9sta Organizaci\u00f3n ya sea de Gas \u00f3 de Petr\u00f3leo.<\/strong><\/p>\n<h5 class=\"style3\" align=\"center\"><span style=\"color: #666699;\">ZONA DE ACTUACI\u00d3N<\/span><\/h5>\n<p>La zona de actuaci\u00f3n que corresponde al Sindicato es muy amplia y comprende los siguientes Municipios:<\/p>\n<table border=\"1\" width=\"95%\" cellspacing=\"0\" cellpadding=\"10\" align=\"center\">\n<tbody>\n<tr>\n<td valign=\"top\" width=\"50%\">\n<ul>\n<li style=\"list-style-type: none;\">\n<ul>\n<li class=\"style1\">Avellaneda<\/li>\n<\/ul>\n<\/li>\n<\/ul>\n<ul>\n<li style=\"list-style-type: none;\">\n<ul>\n<li class=\"style1\">Lan\u00fas.<\/li>\n<\/ul>\n<\/li>\n<\/ul>\n<ul>\n<li style=\"list-style-type: none;\">\n<ul>\n<li class=\"style1\">Quilmes.<\/li>\n<\/ul>\n<\/li>\n<\/ul>\n<ul>\n<li style=\"list-style-type: none;\">\n<ul>\n<li class=\"style1\">Lomas de Zamora.<\/li>\n<\/ul>\n<\/li>\n<\/ul>\n<ul>\n<li style=\"list-style-type: none;\">\n<ul>\n<li class=\"style1\">Esteban Echeverr\u00eda.<\/li>\n<\/ul>\n<\/li>\n<\/ul>\n<ul>\n<li style=\"list-style-type: none;\">\n<ul>\n<li class=\"style1\">La Matanza.<\/li>\n<\/ul>\n<\/li>\n<\/ul>\n<ul>\n<li style=\"list-style-type: none;\">\n<ul>\n<li class=\"style1\">Alte. Brown.<\/li>\n<\/ul>\n<\/li>\n<\/ul>\n<ul>\n<li style=\"list-style-type: none;\">\n<ul>\n<li class=\"style1\">Tres de Febrero.<\/li>\n<\/ul>\n<\/li>\n<\/ul>\n<ul>\n<li style=\"list-style-type: none;\">\n<ul>\n<li class=\"style1\">San Mart\u00edn<\/li>\n<\/ul>\n<\/li>\n<\/ul>\n<ul>\n<li style=\"list-style-type: none;\">\n<ul>\n<li class=\"style1\">Vicente L\u00f3pez.<\/li>\n<\/ul>\n<\/li>\n<\/ul>\n<ul>\n<li style=\"list-style-type: none;\">\n<ul>\n<li class=\"style1\">Mor\u00f3n<\/li>\n<\/ul>\n<\/li>\n<\/ul>\n<ul>\n<li style=\"list-style-type: none;\">\n<ul>\n<li class=\"style1\">Merlo.<\/li>\n<\/ul>\n<\/li>\n<\/ul>\n<ul>\n<li style=\"list-style-type: none;\">\n<ul>\n<li class=\"style1\">Marcos Paz.<\/li>\n<\/ul>\n<\/li>\n<\/ul>\n<ul>\n<li style=\"list-style-type: none;\">\n<ul>\n<li class=\"style1\">San Vicente.<\/li>\n<\/ul>\n<\/li>\n<\/ul>\n<ul>\n<li style=\"list-style-type: none;\">\n<ul>\n<li class=\"style1\">Florencio Varela.<\/li>\n<\/ul>\n<\/li>\n<\/ul>\n<ul>\n<li style=\"list-style-type: none;\">\n<ul>\n<li class=\"style1\">Berazategui.<\/li>\n<\/ul>\n<\/li>\n<\/ul>\n<ul>\n<li style=\"list-style-type: none;\">\n<ul>\n<li class=\"style1\">La Plata.<\/li>\n<\/ul>\n<\/li>\n<\/ul>\n<ul>\n<li style=\"list-style-type: none;\">\n<ul>\n<li class=\"style1\">Magdalena.<\/li>\n<\/ul>\n<\/li>\n<\/ul>\n<ul>\n<li style=\"list-style-type: none;\">\n<ul>\n<li class=\"style1\">Cnel. Brandsen.<\/li>\n<\/ul>\n<\/li>\n<\/ul>\n<ul>\n<li style=\"list-style-type: none;\">\n<ul>\n<li class=\"style1\">Ca\u00f1uelas.<\/li>\n<\/ul>\n<\/li>\n<\/ul>\n<ul>\n<li style=\"list-style-type: none;\">\n<ul>\n<li class=\"style1\">Monte.<\/li>\n<\/ul>\n<\/li>\n<\/ul>\n<ul>\n<li style=\"list-style-type: none;\">\n<ul>\n<li class=\"style1\">Las Flores.<\/li>\n<\/ul>\n<\/li>\n<\/ul>\n<ul>\n<li style=\"list-style-type: none;\">\n<ul>\n<li class=\"style1\">Gral.Las Heras<\/li>\n<\/ul>\n<\/li>\n<\/ul>\n<ul>\n<li style=\"list-style-type: none;\">\n<ul>\n<li class=\"style1\">Lobos.<\/li>\n<\/ul>\n<\/li>\n<\/ul>\n<ul>\n<li style=\"list-style-type: none;\">\n<ul>\n<li class=\"style1\">Roque P\u00e9rez.<\/li>\n<\/ul>\n<\/li>\n<\/ul>\n<ul>\n<li class=\"style1\">Gral. Belgrano<\/li>\n<\/ul>\n<\/td>\n<td width=\"50%\">\n<ul>\n<li style=\"list-style-type: none;\">\n<ul>\n<li class=\"style1\">Saladillo.<\/li>\n<\/ul>\n<\/li>\n<\/ul>\n<ul>\n<li style=\"list-style-type: none;\">\n<ul>\n<li class=\"style1\">Gral. Alvear.<\/li>\n<\/ul>\n<\/li>\n<\/ul>\n<ul>\n<li style=\"list-style-type: none;\">\n<ul>\n<li class=\"style1\">Tapalque.<\/li>\n<\/ul>\n<\/li>\n<\/ul>\n<ul>\n<li style=\"list-style-type: none;\">\n<ul>\n<li class=\"style1\">Gral. Paz.<\/li>\n<\/ul>\n<\/li>\n<\/ul>\n<ul>\n<li style=\"list-style-type: none;\">\n<ul>\n<li class=\"style1\">Azul.<\/li>\n<\/ul>\n<\/li>\n<\/ul>\n<ul>\n<li style=\"list-style-type: none;\">\n<ul>\n<li class=\"style1\">Olavaria.<\/li>\n<\/ul>\n<\/li>\n<\/ul>\n<ul>\n<li style=\"list-style-type: none;\">\n<ul>\n<li class=\"style1\">Tandil.<\/li>\n<\/ul>\n<\/li>\n<\/ul>\n<ul>\n<li style=\"list-style-type: none;\">\n<ul>\n<li class=\"style1\">Balcarce<\/li>\n<\/ul>\n<\/li>\n<\/ul>\n<ul>\n<li style=\"list-style-type: none;\">\n<ul>\n<li class=\"style1\">Castelli<\/li>\n<\/ul>\n<\/li>\n<\/ul>\n<ul>\n<li style=\"list-style-type: none;\">\n<ul>\n<li class=\"style1\">Rauch<\/li>\n<\/ul>\n<\/li>\n<\/ul>\n<ul>\n<li style=\"list-style-type: none;\">\n<ul>\n<li class=\"style1\">Ayacucho<\/li>\n<\/ul>\n<\/li>\n<\/ul>\n<ul>\n<li style=\"list-style-type: none;\">\n<ul>\n<li class=\"style1\">Chascomus<\/li>\n<\/ul>\n<\/li>\n<\/ul>\n<ul>\n<li style=\"list-style-type: none;\">\n<ul>\n<li class=\"style1\">Pilar<\/li>\n<\/ul>\n<\/li>\n<\/ul>\n<ul>\n<li style=\"list-style-type: none;\">\n<ul>\n<li class=\"style1\">Gral. Guido<\/li>\n<\/ul>\n<\/li>\n<\/ul>\n<ul>\n<li style=\"list-style-type: none;\">\n<ul>\n<li class=\"style1\">Dolores<\/li>\n<\/ul>\n<\/li>\n<\/ul>\n<ul>\n<li style=\"list-style-type: none;\">\n<ul>\n<li class=\"style1\">Gral.Lavalle<\/li>\n<\/ul>\n<\/li>\n<\/ul>\n<ul>\n<li style=\"list-style-type: none;\">\n<ul>\n<li class=\"style1\">Tordillo<\/li>\n<\/ul>\n<\/li>\n<\/ul>\n<ul>\n<li style=\"list-style-type: none;\">\n<ul>\n<li class=\"style1\">Maip\u00fa<\/li>\n<\/ul>\n<\/li>\n<\/ul>\n<ul>\n<li style=\"list-style-type: none;\">\n<ul>\n<li class=\"style1\">Gral. Madariaga<\/li>\n<\/ul>\n<\/li>\n<\/ul>\n<ul>\n<li style=\"list-style-type: none;\">\n<ul>\n<li class=\"style1\">Mar Chiquita.<\/li>\n<\/ul>\n<\/li>\n<\/ul>\n<ul>\n<li style=\"list-style-type: none;\">\n<ul>\n<li class=\"style1\">De la Costa (La Lucila del Mar, Las Toninas, Mar de Aj\u00f3, Mar del Tuyu, San Bernardo, San Clemente del Tuy\u00fa, Santa Teresita).<\/li>\n<\/ul>\n<\/li>\n<\/ul>\n<ul>\n<li class=\"style1\">Ensenada<\/li>\n<\/ul>\n<\/td>\n<\/tr>\n<\/tbody>\n<\/table>\n<table style=\"height: 179px;\" border=\"2\" width=\"571\" cellspacing=\"0\" cellpadding=\"0\" align=\"center\">\n<tbody>\n<tr>\n<td>\n<table style=\"height: 165px;\" border=\"0\" width=\"585\" cellspacing=\"0\" cellpadding=\"10\" align=\"center\" bgcolor=\"#E0E0E0\">\n<tbody>\n<tr>\n<td width=\"50%\">\n<div align=\"center\"><img loading=\"lazy\" class=\"alignnone size-full wp-image-868\" src=\"http:\/\/www.spygpa.com.ar\/web\/wp-content\/uploads\/2018\/06\/sypgpa_2.jpg\" alt=\"\" width=\"200\" height=\"150\" \/><\/div>\n<\/td>\n<td width=\"50%\">\n<div align=\"center\"><img loading=\"lazy\" class=\"alignnone size-full wp-image-869\" src=\"http:\/\/www.spygpa.com.ar\/web\/wp-content\/uploads\/2018\/06\/sypgpa_3.jpg\" alt=\"\" width=\"200\" height=\"134\" \/><\/div>\n<\/td>\n<\/tr>\n<\/tbody>\n<\/table>\n<\/td>\n<\/tr>\n<\/tbody>\n<\/table>\n<div align=\"center\"><\/div>\n","protected":false},"excerpt":{"rendered":"<p>En Avellaneda el 12 de Octubre de 1944, se funda la UNION OBRERA DEL PETROLEO, la cual el 13 de Mayo de 1947 pasa a denominarse UNION PETROLERA ARGENTINA transform\u00e1ndose el 24 de Agosto de 1950 en la FEDERACION ARGENTINA<a class=\"more-link\" href=\"https:\/\/www.spygpa.com.ar\/web\/nuestra-historia\/\" title=\"Nuestra Historia\"><span>Read more<\/span><\/a><\/p>\n","protected":false},"author":1,"featured_media":0,"parent":0,"menu_order":0,"comment_status":"closed","ping_status":"closed","template":"","meta":[],"_links":{"self":[{"href":"https:\/\/www.spygpa.com.ar\/web\/wp-json\/wp\/v2\/pages\/282"}],"collection":[{"href":"https:\/\/www.spygpa.com.ar\/web\/wp-json\/wp\/v2\/pages"}],"about":[{"href":"https:\/\/www.spygpa.com.ar\/web\/wp-json\/wp\/v2\/types\/page"}],"author":[{"embeddable":true,"href":"https:\/\/www.spygpa.com.ar\/web\/wp-json\/wp\/v2\/users\/1"}],"replies":[{"embeddable":true,"href":"https:\/\/www.spygpa.com.ar\/web\/wp-json\/wp\/v2\/comments?post=282"}],"version-history":[{"count":16,"href":"https:\/\/www.spygpa.com.ar\/web\/wp-json\/wp\/v2\/pages\/282\/revisions"}],"predecessor-version":[{"id":2369,"href":"https:\/\/www.spygpa.com.ar\/web\/wp-json\/wp\/v2\/pages\/282\/revisions\/2369"}],"wp:attachment":[{"href":"https:\/\/www.spygpa.com.ar\/web\/wp-json\/wp\/v2\/media?parent=282"}],"curies":[{"name":"wp","href":"https:\/\/api.w.org\/{rel}","templated":true}]}}