{"id":301,"date":"2018-05-29T15:43:37","date_gmt":"2018-05-29T18:43:37","guid":{"rendered":"http:\/\/www.spygpa.com.ar\/web\/?page_id=301"},"modified":"2024-02-26T15:24:04","modified_gmt":"2024-02-26T18:24:04","slug":"cadecra","status":"publish","type":"page","link":"https:\/\/www.spygpa.com.ar\/web\/cadecra\/","title":{"rendered":"CADECRA"},"content":{"rendered":"<p><b>Homologaci\u00f3n Acuerdo &#8211; 09\/02\/2024<\/b><br \/>\n\u25ba <a href=\"http:\/\/www.spygpa.com.ar\/_web_old\/images\/convenios\/cadecra\/HOMOLOGACION_CADECRA022024.pdf\" target=\"_blank\" rel=\"noopener noreferrer\">Descargar<\/a><\/p>\n<hr \/>\n<p><b>Acta Acuerdo Salarial &#8211; 31\/01\/2024<\/b><br \/>\n\u25ba <a href=\"http:\/\/www.spygpa.com.ar\/_web_old\/images\/convenios\/cadecra\/ACTA_ACUERDO_SALARIAL_ENERO24_CADECRA31012024.pdf\" target=\"_blank\" rel=\"noopener noreferrer\">Descargar<\/a><\/p>\n<hr \/>\n<p><b>Acta Acuerdo Anticipo 15% CCT 744\/16 &#8211; 03\/01\/2024<\/b><br \/>\n\u25ba <a href=\"http:\/\/www.spygpa.com.ar\/_web_old\/images\/convenios\/cadecra\/ACUERDOANTICIPOCADECRAENERO2024.pdf\" target=\"_blank\" rel=\"noopener noreferrer\">Descargar<\/a><\/p>\n<hr \/>\n<p><b>Acta Acuerdo Salarial CCT 744\/16 &#8211; 12\/12\/2023<\/b><br \/>\n\u25ba <a href=\"http:\/\/www.spygpa.com.ar\/_web_old\/images\/convenios\/cadecra\/ActaAcuerdoSalarial74416-12122023.pdf\" target=\"_blank\" rel=\"noopener noreferrer\">Descargar<\/a><\/p>\n<hr \/>\n<p><b>Acta Acuerdo Salarial CCT 744\/16 &#8211; 24\/11\/2023<\/b><br \/>\n\u25ba <a href=\"http:\/\/www.spygpa.com.ar\/_web_old\/images\/convenios\/cadecra\/ActaAcuerdoCADECRA74416-122023.pdf\" target=\"_blank\" rel=\"noopener noreferrer\">Descargar<\/a><\/p>\n<hr \/>\n<p><b>Acta Acuerdo Paritaria y Escala Salarial CCT 744\/16 &#8211; 28\/08\/2023<\/b><br \/>\n\u25ba <a href=\"http:\/\/www.spygpa.com.ar\/_web_old\/images\/convenios\/gas\/ACTAPARITARIAYESCALACCT744280823.pdf\" target=\"_blank\" rel=\"noopener noreferrer\">Descargar<\/a><\/p>\n<hr \/>\n<p><b>C.A.D.E.C.R.A. 09\/06\/2023<\/b><br \/>\n\u25ba <a href=\"http:\/\/www.spygpa.com.ar\/_web_old\/images\/convenios\/cadecra\/acuerdocadecra09062023.pdf\" target=\"_blank\" rel=\"noopener noreferrer\">Descargar<\/a><\/p>\n<hr \/>\n<p><b>Paritarias C.A.D.E.C.R.A. 08\/06\/2022<\/b><br \/>\n\u25ba <a href=\"http:\/\/www.spygpa.com.ar\/web\/2022\/06\/paritarias-c-a-d-e-c-r-a-08-06-2022\/\" target=\"_blank\" rel=\"noopener noreferrer\">Descargar<\/a><\/p>\n<hr \/>\n<p><b>Acuerdo Salarial 21\/06\/2021<\/b><br \/>\n\u25ba <a href=\"http:\/\/www.spygpa.com.ar\/web\/2021\/06\/acuerdo-salarial-c-a-d-e-c-r-a-21-06-2021\/\" target=\"_blank\" rel=\"noopener noreferrer\">Descargar<\/a><\/p>\n<hr \/>\n<p><b>Revisi\u00f3n Salarial 13\/05\/2021<\/b><br \/>\n\u25ba <a href=\"http:\/\/www.spygpa.com.ar\/web\/2021\/05\/c-a-d-e-c-r-a-revision-salarial\/\" target=\"_blank\" rel=\"noopener noreferrer\">Descargar<\/a><\/p>\n<hr \/>\n<p><b>Acuerdo Salarial 30\/11\/2020<\/b><br \/>\n\u25ba <a href=\"http:\/\/www.spygpa.com.ar\/web\/wp-admin\/post.php?post=2090&amp;action=edit\" target=\"_blank\" rel=\"noopener noreferrer\">Descargar<\/a><\/p>\n<hr \/>\n<p><b>Acuerdo Salarial, Acta Contribuciones y Escala Salarial 21\/10\/2020<\/b><br \/>\n\u25ba <a href=\"http:\/\/www.spygpa.com.ar\/web\/2020\/10\/cadecra-acuerdo-salarial-acta-contribuciones-y-escala-salarial-21-12-2020\/\" target=\"_blank\" rel=\"noopener noreferrer\">Descargar<\/a><\/p>\n<hr \/>\n<p><strong>CADECRA Rama Inspectores &#8211; Aumento Salarial &#8211; 13<\/strong><strong>\/08\/2020<\/strong><br \/>\n\u25ba <a href=\"http:\/\/www.spygpa.com.ar\/web\/index.php\/2020\/08\/20\/c-a-d-e-c-r-a-rama-inspectores-aumento-salarial\/\">Descargar<\/a><\/p>\n<hr \/>\n<p><strong>Homologaci\u00f3n CADECRA &#8211; 27<\/strong><strong>\/02\/2020<\/strong><br \/>\n\u25ba <a href=\"http:\/\/www.spygpa.com.ar\/web\/index.php\/2020\/02\/27\/homologacion-27-02-2020\/\">Descargar<\/a><\/p>\n<hr \/>\n<p><strong>Acuerdo Salarial &#8211; 21<\/strong><strong>\/01\/2020<\/strong><br \/>\n\u25ba <a href=\"http:\/\/www.spygpa.com.ar\/web\/index.php\/2020\/01\/31\/acuerdo-salarial-21-01-2020\/\">Descargar<\/a><\/p>\n<hr \/>\n<p><strong>Acuerdo Sal<\/strong><strong>arial, Cl\u00e1usula Revisi\u00f3n y Contribuci\u00f3n &#8211; 13\/11\/2019<\/strong><br \/>\n\u25ba <a href=\"http:\/\/www.spygpa.com.ar\/web\/index.php\/2019\/11\/13\/acuerdo-salarial-clausula-revision-y-contribuciones-a-los-sindicatos\/\">Descargar<\/a><\/p>\n<hr \/>\n<p><strong>Acuerdo Salarial &#8211; 18\/06\/2019<\/strong><br \/>\n\u25ba <a href=\"http:\/\/www.spygpa.com.ar\/web\/index.php\/2019\/06\/19\/acuerdo-salarial-18-06-2019\/\">Descargar<\/a><\/p>\n<hr \/>\n<p><strong>Homologacion de CADECRA acuerdo 2018 &#8211; 22\/05\/2019<\/strong><br \/>\n\u25ba <a href=\"http:\/\/www.spygpa.com.ar\/web_old\/images\/convenios\/cadecra\/cedula_de_notificacion.pdf\">Descargar<\/a><\/p>\n<hr \/>\n<p><strong>Homologaci\u00f3n de Acuerdo Salarial de C.A.D.E.C.R.A. &#8211; 21\/02\/2019<\/strong><br \/>\n\u25ba <a href=\"http:\/\/www.spygpa.com.ar\/web_old\/images\/convenios\/cadecra\/HOMOLOGACION DE CADECRA.pdf\" target=\"_blank\" rel=\"noopener noreferrer\" data-wplink-url-error=\"true\">Descargar<\/a><\/p>\n<hr \/>\n<p><strong>Convenio Colectivo &#8211; C.A.D.E.C.R.A. &#8211; 12\/08\/2016<\/strong><br \/>\n\u25ba <a href=\"http:\/\/www.spygpa.com.ar\/web_old\/images\/convenios\/cadecra\/convenio_colectivo_de_cadecra485.pdf\" target=\"_blank\" rel=\"noopener noreferrer\">Descargar<\/a><\/p>\n<hr \/>\n","protected":false},"excerpt":{"rendered":"<p>Homologaci\u00f3n Acuerdo &#8211; 09\/02\/2024 \u25ba Descargar Acta Acuerdo Salarial &#8211; 31\/01\/2024 \u25ba Descargar Acta Acuerdo Anticipo 15% CCT 744\/16 &#8211; 03\/01\/2024 \u25ba Descargar Acta Acuerdo Salarial CCT 744\/16 &#8211; 12\/12\/2023 \u25ba Descargar Acta Acuerdo Salarial CCT 744\/16 &#8211; 24\/11\/2023 \u25ba<a class=\"more-link\" href=\"https:\/\/www.spygpa.com.ar\/web\/cadecra\/\" title=\"CADECRA\"><span>Read more<\/span><\/a><\/p>\n","protected":false},"author":1,"featured_media":0,"parent":0,"menu_order":0,"comment_status":"closed","ping_status":"closed","template":"","meta":[],"_links":{"self":[{"href":"https:\/\/www.spygpa.com.ar\/web\/wp-json\/wp\/v2\/pages\/301"}],"collection":[{"href":"https:\/\/www.spygpa.com.ar\/web\/wp-json\/wp\/v2\/pages"}],"about":[{"href":"https:\/\/www.spygpa.com.ar\/web\/wp-json\/wp\/v2\/types\/page"}],"author":[{"embeddable":true,"href":"https:\/\/www.spygpa.com.ar\/web\/wp-json\/wp\/v2\/users\/1"}],"replies":[{"embeddable":true,"href":"https:\/\/www.spygpa.com.ar\/web\/wp-json\/wp\/v2\/comments?post=301"}],"version-history":[{"count":34,"href":"https:\/\/www.spygpa.com.ar\/web\/wp-json\/wp\/v2\/pages\/301\/revisions"}],"predecessor-version":[{"id":3683,"href":"https:\/\/www.spygpa.com.ar\/web\/wp-json\/wp\/v2\/pages\/301\/revisions\/3683"}],"wp:attachment":[{"href":"https:\/\/www.spygpa.com.ar\/web\/wp-json\/wp\/v2\/media?parent=301"}],"curies":[{"name":"wp","href":"https:\/\/api.w.org\/{rel}","templated":true}]}}