{"id":303,"date":"2018-05-29T15:51:49","date_gmt":"2018-05-29T18:51:49","guid":{"rendered":"http:\/\/www.spygpa.com.ar\/web\/?page_id=303"},"modified":"2019-12-04T16:23:23","modified_gmt":"2019-12-04T19:23:23","slug":"obra-social","status":"publish","type":"page","link":"https:\/\/www.spygpa.com.ar\/web\/obra-social\/","title":{"rendered":"Obra Social"},"content":{"rendered":"<h3 style=\"text-align: center;\"><img loading=\"lazy\" class=\"alignnone size-full wp-image-544\" src=\"http:\/\/www.spygpa.com.ar\/web\/wp-content\/uploads\/2018\/06\/logoOSPEGAP.jpg\" alt=\"\" width=\"62\" height=\"64\" \/>\u00a0 \u00a0 \u00a0<img loading=\"lazy\" class=\"alignnone size-full wp-image-545\" src=\"http:\/\/www.spygpa.com.ar\/web\/wp-content\/uploads\/2018\/06\/logoSTAFF.jpg\" alt=\"\" width=\"62\" height=\"64\" \/><\/h3>\n<h2 style=\"text-align: center;\"><span style=\"color: #800000;\">STAFF MEDICO de SANCOR SALUD<\/span><\/h2>\n<h3 style=\"text-align: center;\"><span style=\"color: #800000;\">PLAN TURQUESA<\/span><\/h3>\n<p style=\"text-align: center;\"><a href=\"http:\/\/www.staffmedico.com.ar\/pagina\/29\" target=\"_blank\" rel=\"noopener noreferrer\">http:\/\/www.staffmedico.com.ar<\/a><br \/>\n0810-888-STAFF (78233)<br \/>\ninfo@staffmedico.com<\/p>\n<ul>\n<li><a href=\"http:\/\/www.spygpa.com.ar\/web_old\/images\/FolletoPlanTurquesa.pdf\" target=\"_blank\" rel=\"noopener noreferrer\">Presentaci\u00f3n<\/a><\/li>\n<li><a href=\"http:\/\/www.spygpa.com.ar\/web_old\/images\/BuenosAiresCentrosDeSancor.pdf\" target=\"_blank\" rel=\"noopener noreferrer\">Centros de Atenci\u00f3n<\/a><\/li>\n<li><a href=\"http:\/\/www.spygpa.com.ar\/web_old\/images\/StaffCartillaOdonFarma.pdf\" target=\"_blank\" rel=\"noopener noreferrer\">Cartilla &#8211; Odontolog\u00eda y Farmacia<\/a><\/li>\n<li>Cartillas &#8211; Cl\u00ednicas<\/li>\n<li><a href=\"http:\/\/www.spygpa.com.ar\/web_old\/images\/ProgramasEspeciales.pdf\" target=\"_blank\" rel=\"noopener noreferrer\">Programas Especiales<\/a><\/li>\n<li><a href=\"http:\/\/www.spygpa.com.ar\/web_old\/images\/NormasGeneralesTurquesa.pdf\" target=\"_blank\" rel=\"noopener noreferrer\">Normas Generales<\/a><\/li>\n<li><a href=\"http:\/\/www.spygpa.com.ar\/web_old\/images\/ModeloPresReintMedic.pdf\" target=\"_blank\" rel=\"noopener noreferrer\">Modelo de Presentaci\u00f3n para Reintegros de Medicamentos<\/a><\/li>\n<li><a href=\"http:\/\/www.spygpa.com.ar\/web_old\/images\/ValoresCopagosStaff.pdf\" target=\"_blank\" rel=\"noopener noreferrer\">Valores de Copagos de STAFF Medico<\/a><\/li>\n<\/ul>\n<p><span style=\"color: #800000;\"><strong>Formularios de Medicaciones:<\/strong><\/span><\/p>\n<ul>\n<li><a href=\"http:\/\/www.spygpa.com.ar\/web_old\/images\/FormularioAdmision.pdf\" target=\"_blank\" rel=\"noopener noreferrer\">Formulario Para Admisi\u00f3n<\/a><\/li>\n<li>Programa de Atenci\u00f3n, Tratamiento y Prevenci\u00f3n de las Complicaciones cr\u00f3nicas de la Diabetes Mellitus *<a href=\"http:\/\/www.spygpa.com.ar\/web_old\/images\/ProgAtencTratPrevDiab.pdf\" target=\"_blank\" rel=\"noopener noreferrer\">FORMULARIO DE INGRESO<\/a>*<\/li>\n<li>Programa de Atenci\u00f3n, Tratamiento y Prevenci\u00f3n de las Complicaciones cr\u00f3nicas de la Diabetes Mellitus *<a href=\"http:\/\/www.spygpa.com.ar\/web_old\/images\/ProgTratPrevComplCronicaDiabSolicitud.pdf\" target=\"_blank\" rel=\"noopener noreferrer\">FORMULARIO DE SOLICITUD MEDICAMENTOS<\/a>*<\/li>\n<li><a href=\"http:\/\/www.spygpa.com.ar\/web\/index.php\/2019\/12\/04\/staff-medico-registrate-autogestion\/\" target=\"_blank\" rel=\"noopener noreferrer\">REGISTRATE &#8211; Autogesti\u00f3n de Servicios STAFF MEDICO<\/a><\/li>\n<\/ul>\n","protected":false},"excerpt":{"rendered":"<p>\u00a0 \u00a0 \u00a0 STAFF MEDICO de SANCOR SALUD PLAN TURQUESA http:\/\/www.staffmedico.com.ar 0810-888-STAFF (78233) info@staffmedico.com Presentaci\u00f3n Centros de Atenci\u00f3n Cartilla &#8211; Odontolog\u00eda y Farmacia Cartillas &#8211; Cl\u00ednicas Programas Especiales Normas Generales Modelo de Presentaci\u00f3n para Reintegros de Medicamentos Valores de Copagos<a class=\"more-link\" href=\"https:\/\/www.spygpa.com.ar\/web\/obra-social\/\" title=\"Obra Social\"><span>Read more<\/span><\/a><\/p>\n","protected":false},"author":1,"featured_media":0,"parent":0,"menu_order":0,"comment_status":"closed","ping_status":"closed","template":"","meta":[],"_links":{"self":[{"href":"https:\/\/www.spygpa.com.ar\/web\/wp-json\/wp\/v2\/pages\/303"}],"collection":[{"href":"https:\/\/www.spygpa.com.ar\/web\/wp-json\/wp\/v2\/pages"}],"about":[{"href":"https:\/\/www.spygpa.com.ar\/web\/wp-json\/wp\/v2\/types\/page"}],"author":[{"embeddable":true,"href":"https:\/\/www.spygpa.com.ar\/web\/wp-json\/wp\/v2\/users\/1"}],"replies":[{"embeddable":true,"href":"https:\/\/www.spygpa.com.ar\/web\/wp-json\/wp\/v2\/comments?post=303"}],"version-history":[{"count":9,"href":"https:\/\/www.spygpa.com.ar\/web\/wp-json\/wp\/v2\/pages\/303\/revisions"}],"predecessor-version":[{"id":1577,"href":"https:\/\/www.spygpa.com.ar\/web\/wp-json\/wp\/v2\/pages\/303\/revisions\/1577"}],"wp:attachment":[{"href":"https:\/\/www.spygpa.com.ar\/web\/wp-json\/wp\/v2\/media?parent=303"}],"curies":[{"name":"wp","href":"https:\/\/api.w.org\/{rel}","templated":true}]}}