{"id":318,"date":"2018-05-29T16:21:13","date_gmt":"2018-05-29T19:21:13","guid":{"rendered":"http:\/\/www.spygpa.com.ar\/web\/?page_id=318"},"modified":"2022-12-14T16:36:36","modified_gmt":"2022-12-14T19:36:36","slug":"agrupacion","status":"publish","type":"page","link":"https:\/\/www.spygpa.com.ar\/web\/agrupacion\/","title":{"rendered":"Agrupaci\u00f3n"},"content":{"rendered":"<h3 style=\"font-weight: 400; text-align: center;\"><span style=\"color: #666699;\"><strong>AGRUPACI\u00d3N\u00a0GENERAL JUAN DOMINGO PERON \u201cAZUL Y BLANCA\u201d\u00a0<\/strong><\/span><br \/>\u2026de los trabajadores del Petr\u00f3leo y Gas Privado de Avellaneda.<\/h3>\n<p style=\"font-weight: 400;\">El Sindicato del Petr\u00f3leo y Gas privado de \u00a0Avellaneda tiene como objetivo fundamental representar en el orden gremial y social a todos los trabajadores del petr\u00f3leo y gas privado de nuestra extensa zona de actuaci\u00f3n, por ello y en tal sentido se ha conformado la<\/p>\n<h3 style=\"font-weight: 400; text-align: center;\"><strong>Agrupaci\u00f3n Gral. Juan Domingo \u00a0Per\u00f3n \u201cAzul y Blanca\u201d.<\/strong><\/h3>\n<p style=\"font-weight: 400;\">que tiene la responsabilidad de generar y crear nuevos cuadros militantes para sostener las pol\u00edticas que emanan de la comisi\u00f3n directiva y que son desarrolladas en el \u00e1mbito de nuestra organizaci\u00f3n.<\/p>\n<p style=\"font-weight: 400;\">Somos un grupo de compa\u00f1eros militantes,\u00a0comprometidos a defender\u00a0las causas que dignifican al trabajador petrolero.<\/p>\n<p style=\"font-weight: 400;\">Nuestros objetivos; \u00a0trabajar por la unidad de los compa\u00f1eros, respaldar y fortalecer \u00a0comisiones internas y delegados siempre en beneficio del conjunto de representados.<br \/>Responsabilidad, trabajo y \u00a0honestidad son los valores que sostienen la bandera del Sindicato del Petr\u00f3leo y Gas Privado de Avellaneda.<\/p>\n<p><img loading=\"lazy\" class=\"aligncenter size-full wp-image-2559\" src=\"http:\/\/www.spygpa.com.ar\/web\/wp-content\/uploads\/2022\/12\/318002512_514719040699089_3152570765270126140_n.jpg\" alt=\"\" width=\"1073\" height=\"1286\" srcset=\"https:\/\/www.spygpa.com.ar\/web\/wp-content\/uploads\/2022\/12\/318002512_514719040699089_3152570765270126140_n.jpg 1073w, https:\/\/www.spygpa.com.ar\/web\/wp-content\/uploads\/2022\/12\/318002512_514719040699089_3152570765270126140_n-250x300.jpg 250w, https:\/\/www.spygpa.com.ar\/web\/wp-content\/uploads\/2022\/12\/318002512_514719040699089_3152570765270126140_n-854x1024.jpg 854w, https:\/\/www.spygpa.com.ar\/web\/wp-content\/uploads\/2022\/12\/318002512_514719040699089_3152570765270126140_n-768x920.jpg 768w\" sizes=\"(max-width: 1073px) 100vw, 1073px\" \/><\/p>\n<div align=\"center\">\n<table class=\" aligncenter\" border=\"0\" width=\"98%\" cellspacing=\"0\" cellpadding=\"10\" align=\"center\">\n<tbody>\n<tr valign=\"top\">\n<td class=\"style1\" width=\"45%\">\n<div class=\"style1\" align=\"center\">\n<div><span class=\"style9\"><strong><span class=\"style11\"><span style=\"color: #003366;\">Domicilio<\/span><\/span><span style=\"color: #000066;\">:<\/span><\/strong><\/span>\u00a0Velez Sarsfield 118<br \/>Avellaneda &#8211; Buenos Aires<\/div>\n<p><span class=\"style10\"><strong><span style=\"color: #003366;\">Horario de atenci\u00f3n:\u00a0<\/span><\/strong><\/span>de Lunes a viernes de 9 hs\u00a0a 17 hs.<\/p>\n<p><span class=\"style10\"><strong><span style=\"color: #003366;\">Tel\u00e9fonos<\/span><\/strong><\/span>: 011 &#8211; 4205-9288 \/ 0906 \/ 9298\u00a0<strong>Interno 113<\/strong><\/p>\n<p><span class=\"style10\"><strong><span style=\"color: #003366;\">E-mail<\/span><\/strong><\/span>:\u00a0<span style=\"font-size: small;\"><a class=\"style8\" href=\"mailto:secgremialinterior@spygpa.com.ar\">secgremialinterior@spygpa.com.ar<\/a><\/span><\/p>\n<p>Para contactarse con los Integrantes de la Agrupaci\u00f3n:\u00a0<a href=\"mailto:agrupajpazulyblanca@spygpa.com.ar\">agrupajpazulyblanca@spygpa.com.ar<\/a><\/p>\n<\/div>\n<\/td>\n<td class=\"style1\" style=\"text-align: center;\" width=\"45%\"><img loading=\"lazy\" class=\"alignnone size-full wp-image-610\" src=\"http:\/\/www.spygpa.com.ar\/web\/wp-content\/uploads\/2018\/06\/agrupacion_logo.jpg\" alt=\"\" width=\"200\" height=\"214\" \/><\/td>\n<\/tr>\n<\/tbody>\n<\/table>\n<\/div>\n\n\n<table width=\"100%\" border=\"0\" align=\"center\">\n  <tr>\n    <td><iframe src=\"https:\/\/www.facebook.com\/plugins\/page.php?href=https%3A%2F%2Fwww.facebook.com%2Fagrupaazulyblanca%2F&#038;tabs=timeline&#038;width=700&#038;height=500&#038;small_header=false&#038;adapt_container_width=true&#038;hide_cover=false&#038;show_facepile=true&#038;appId\" width=\"700\" height=\"500\" style=\"border:none;overflow:hidden\" scrolling=\"no\" frameborder=\"0\" allowTransparency=\"true\" allow=\"encrypted-media\"><\/iframe>&nbsp;<\/td>\n  <\/tr>\n<\/table>\n\n\n\n<h2><\/h2>\n","protected":false},"excerpt":{"rendered":"<p>AGRUPACI\u00d3N\u00a0GENERAL JUAN DOMINGO PERON \u201cAZUL Y BLANCA\u201d\u00a0\u2026de los trabajadores del Petr\u00f3leo y Gas Privado de Avellaneda. El Sindicato del Petr\u00f3leo y Gas privado de \u00a0Avellaneda tiene como objetivo fundamental representar en el orden gremial y social a todos los trabajadores<a class=\"more-link\" href=\"https:\/\/www.spygpa.com.ar\/web\/agrupacion\/\" title=\"Agrupaci\u00f3n\"><span>Read more<\/span><\/a><\/p>\n","protected":false},"author":1,"featured_media":0,"parent":0,"menu_order":0,"comment_status":"closed","ping_status":"closed","template":"","meta":[],"_links":{"self":[{"href":"https:\/\/www.spygpa.com.ar\/web\/wp-json\/wp\/v2\/pages\/318"}],"collection":[{"href":"https:\/\/www.spygpa.com.ar\/web\/wp-json\/wp\/v2\/pages"}],"about":[{"href":"https:\/\/www.spygpa.com.ar\/web\/wp-json\/wp\/v2\/types\/page"}],"author":[{"embeddable":true,"href":"https:\/\/www.spygpa.com.ar\/web\/wp-json\/wp\/v2\/users\/1"}],"replies":[{"embeddable":true,"href":"https:\/\/www.spygpa.com.ar\/web\/wp-json\/wp\/v2\/comments?post=318"}],"version-history":[{"count":10,"href":"https:\/\/www.spygpa.com.ar\/web\/wp-json\/wp\/v2\/pages\/318\/revisions"}],"predecessor-version":[{"id":2561,"href":"https:\/\/www.spygpa.com.ar\/web\/wp-json\/wp\/v2\/pages\/318\/revisions\/2561"}],"wp:attachment":[{"href":"https:\/\/www.spygpa.com.ar\/web\/wp-json\/wp\/v2\/media?parent=318"}],"curies":[{"name":"wp","href":"https:\/\/api.w.org\/{rel}","templated":true}]}}