{"id":324,"date":"2018-05-29T17:09:39","date_gmt":"2018-05-29T20:09:39","guid":{"rendered":"http:\/\/www.spygpa.com.ar\/web\/?page_id=324"},"modified":"2022-09-01T15:46:04","modified_gmt":"2022-09-01T18:46:04","slug":"asesoramiento-juridico","status":"publish","type":"page","link":"https:\/\/www.spygpa.com.ar\/web\/asesoramiento-juridico\/","title":{"rendered":"Asesoramiento Jur\u00eddico"},"content":{"rendered":"<h3><strong>Asesoramiento Jur\u00eddico<\/strong><\/h3>\n<p><strong>La Comisi\u00f3n Directiva del Sindicato Petr\u00f3leo y Gas Privado de Avellaneda, informa a todos los afiliados, que el ASESOR LEGAL de nuestra Instituci\u00f3n Dr. H\u00e9ctor Lavia, atender\u00e1 los d\u00edas Lunes de 10 hs a 13 hs., en la Sede de nuestra organizaci\u00f3n sita en V\u00e9lez Sarsfield 118 de Avellaneda y en el Estudio Jur\u00eddico ubicado en la Calle Eva Per\u00f3n (Ex Pasco) 305 de la localidad de Temperley de Lunes a Viernes en el horario de 17 hs. A 19 hs.<\/strong><\/p>\n<p><strong>Solicitar entrevista con anticipaci\u00f3n, salvo casos de urgencia comunicarse a los tel\u00e9fonos del Sindicato \u00f3 bien al 4244-3591 (Estudio Jur\u00eddico).<\/strong><\/p>\n<p><strong><img loading=\"lazy\" class=\"size-full wp-image-325 aligncenter\" src=\"http:\/\/www.spygpa.com.ar\/web\/wp-content\/uploads\/2018\/05\/gavel.jpg\" alt=\"\" width=\"180\" height=\"198\" \/><\/strong><\/p>\n<p><strong>Por Consejo Directivo S.P.Y.G.P.A.<\/strong><\/p>\n<p><strong>\u00a0 \u00a0 \u00a0 <\/strong><\/p>\n<p><strong>\u00a0 \u00a0 \u00a0 \u00a0 \u00a0 \u00a0 \u00a0 \u00a0 \u00a0SALOI\u00d1A EMANUEL\u00a0 \u00a0 \u00a0 \u00a0 \u00a0 \u00a0 \u00a0 \u00a0 \u00a0 \u00a0 \u00a0 \u00a0 \u00a0 \u00a0 \u00a0 \u00a0 \u00a0 \u00a0 LAVIA MARIO<\/strong><br \/>\n<strong>\u00a0 \u00a0 \u00a0 \u00a0 \u00a0Secretario Gremial Interior\u00a0 \u00a0 \u00a0 \u00a0 \u00a0 \u00a0 \u00a0 \u00a0 \u00a0 \u00a0 \u00a0 \u00a0 \u00a0Secretario General<\/strong><\/p>\n","protected":false},"excerpt":{"rendered":"<p>Asesoramiento Jur\u00eddico La Comisi\u00f3n Directiva del Sindicato Petr\u00f3leo y Gas Privado de Avellaneda, informa a todos los afiliados, que el ASESOR LEGAL de nuestra Instituci\u00f3n Dr. H\u00e9ctor Lavia, atender\u00e1 los d\u00edas Lunes de 10 hs a 13 hs., en la<a class=\"more-link\" href=\"https:\/\/www.spygpa.com.ar\/web\/asesoramiento-juridico\/\" title=\"Asesoramiento Jur\u00eddico\"><span>Read more<\/span><\/a><\/p>\n","protected":false},"author":1,"featured_media":0,"parent":0,"menu_order":0,"comment_status":"closed","ping_status":"closed","template":"","meta":[],"_links":{"self":[{"href":"https:\/\/www.spygpa.com.ar\/web\/wp-json\/wp\/v2\/pages\/324"}],"collection":[{"href":"https:\/\/www.spygpa.com.ar\/web\/wp-json\/wp\/v2\/pages"}],"about":[{"href":"https:\/\/www.spygpa.com.ar\/web\/wp-json\/wp\/v2\/types\/page"}],"author":[{"embeddable":true,"href":"https:\/\/www.spygpa.com.ar\/web\/wp-json\/wp\/v2\/users\/1"}],"replies":[{"embeddable":true,"href":"https:\/\/www.spygpa.com.ar\/web\/wp-json\/wp\/v2\/comments?post=324"}],"version-history":[{"count":5,"href":"https:\/\/www.spygpa.com.ar\/web\/wp-json\/wp\/v2\/pages\/324\/revisions"}],"predecessor-version":[{"id":2373,"href":"https:\/\/www.spygpa.com.ar\/web\/wp-json\/wp\/v2\/pages\/324\/revisions\/2373"}],"wp:attachment":[{"href":"https:\/\/www.spygpa.com.ar\/web\/wp-json\/wp\/v2\/media?parent=324"}],"curies":[{"name":"wp","href":"https:\/\/api.w.org\/{rel}","templated":true}]}}